{"id":3525,"date":"2025-06-30T10:44:43","date_gmt":"2025-06-30T08:44:43","guid":{"rendered":"https:\/\/keyena.com\/blog-cycling\/"},"modified":"2025-07-03T15:28:35","modified_gmt":"2025-07-03T13:28:35","slug":"blog-cycling","status":"publish","type":"page","link":"https:\/\/keyena.com\/en\/blog-cycling\/","title":{"rendered":"Blog &#8211; Cycling"},"content":{"rendered":"\t\t<div data-elementor-type=\"wp-page\" data-elementor-id=\"3525\" class=\"elementor elementor-3525 elementor-3445\" data-elementor-post-type=\"page\">\n\t\t\t\t\t\t<section class=\"elementor-section elementor-top-section elementor-element elementor-element-954f681 elementor-section-boxed elementor-section-height-default elementor-section-height-default\" data-id=\"954f681\" data-element_type=\"section\" data-e-type=\"section\" data-settings=\"{&quot;jet_parallax_layout_list&quot;:[],&quot;background_background&quot;:&quot;classic&quot;}\">\n\t\t\t\t\t\t\t<div class=\"elementor-background-overlay\"><\/div>\n\t\t\t\t\t\t\t<div class=\"elementor-container elementor-column-gap-default\">\n\t\t\t\t\t<div class=\"elementor-column elementor-col-50 elementor-top-column elementor-element elementor-element-914038a\" data-id=\"914038a\" data-element_type=\"column\" data-e-type=\"column\">\n\t\t\t<div class=\"elementor-widget-wrap elementor-element-populated\">\n\t\t\t\t\t\t<div class=\"elementor-element elementor-element-1e156ca elementor-hidden-mobile elementor-widget elementor-widget-image\" data-id=\"1e156ca\" data-element_type=\"widget\" data-e-type=\"widget\" data-widget_type=\"image.default\">\n\t\t\t\t<div class=\"elementor-widget-container\">\n\t\t\t\t\t\t\t\t\t\t\t\t\t\t\t<img decoding=\"async\" width=\"104\" height=\"3\" src=\"https:\/\/keyena.com\/wp-content\/uploads\/2025\/05\/titre.png\" class=\"attachment-large size-large wp-image-1333\" alt=\"\" srcset=\"https:\/\/keyena.com\/wp-content\/uploads\/2025\/05\/titre.png 104w, https:\/\/keyena.com\/wp-content\/uploads\/2025\/05\/titre-100x3.png 100w\" sizes=\"(max-width: 104px) 100vw, 104px\" \/>\t\t\t\t\t\t\t\t\t\t\t\t\t\t\t<\/div>\n\t\t\t\t<\/div>\n\t\t\t\t\t<\/div>\n\t\t<\/div>\n\t\t\t\t<div class=\"elementor-column elementor-col-50 elementor-top-column elementor-element elementor-element-7397f65\" data-id=\"7397f65\" data-element_type=\"column\" data-e-type=\"column\">\n\t\t\t<div class=\"elementor-widget-wrap elementor-element-populated\">\n\t\t\t\t\t\t<div class=\"elementor-element elementor-element-71d0b48 elementor-widget elementor-widget-heading\" data-id=\"71d0b48\" data-element_type=\"widget\" data-e-type=\"widget\" data-widget_type=\"heading.default\">\n\t\t\t\t<div class=\"elementor-widget-container\">\n\t\t\t\t\t<h2 class=\"elementor-heading-title elementor-size-default\">Cycling<\/h2>\t\t\t\t<\/div>\n\t\t\t\t<\/div>\n\t\t\t\t<div class=\"elementor-element elementor-element-c2df038 elementor-widget__width-initial elementor-widget-mobile__width-initial elementor-widget elementor-widget-text-editor\" data-id=\"c2df038\" data-element_type=\"widget\" data-e-type=\"widget\" data-widget_type=\"text-editor.default\">\n\t\t\t\t<div class=\"elementor-widget-container\">\n\t\t\t\t\t\t\t\t\t<div class=\"elementor-element elementor-element-45b204c elementor-widget elementor-widget-text-editor\" data-id=\"45b204c\" data-element_type=\"widget\" data-widget_type=\"text-editor.default\"><div class=\"elementor-widget-container\"><div class=\"page\" title=\"Page 13\"><div class=\"layoutArea\"><div class=\"column\"><p>Here you&#8217;ll find all the latest news relating exclusively to cycling! <\/p><\/div><\/div><\/div><\/div><\/div><div class=\"elementor-element elementor-element-2ecadf3 elementor-widget-divider--view-line elementor-widget elementor-widget-divider\" data-id=\"2ecadf3\" data-element_type=\"widget\" data-widget_type=\"divider.default\"><div class=\"elementor-widget-container\"><div class=\"elementor-divider\"> <\/div><\/div><\/div>\t\t\t\t\t\t\t\t<\/div>\n\t\t\t\t<\/div>\n\t\t\t\t\t<\/div>\n\t\t<\/div>\n\t\t\t\t\t<\/div>\n\t\t<\/section>\n\t\t\t\t<section class=\"elementor-section elementor-top-section elementor-element elementor-element-e7ddc55 elementor-section-boxed elementor-section-height-default elementor-section-height-default\" data-id=\"e7ddc55\" data-element_type=\"section\" data-e-type=\"section\" data-settings=\"{&quot;jet_parallax_layout_list&quot;:[]}\">\n\t\t\t\t\t\t<div class=\"elementor-container elementor-column-gap-default\">\n\t\t\t\t\t<div class=\"elementor-column elementor-col-100 elementor-top-column elementor-element elementor-element-ecb7645\" data-id=\"ecb7645\" data-element_type=\"column\" data-e-type=\"column\">\n\t\t\t<div class=\"elementor-widget-wrap elementor-element-populated\">\n\t\t\t\t\t\t<div class=\"elementor-element elementor-element-af5403f elementor-widget elementor-widget-jet-posts\" data-id=\"af5403f\" data-element_type=\"widget\" data-e-type=\"widget\" data-settings=\"{&quot;columns&quot;:&quot;3&quot;,&quot;columns_mobile&quot;:&quot;2&quot;,&quot;slides_to_scroll&quot;:&quot;1&quot;}\" data-widget_type=\"jet-posts.default\">\n\t\t\t\t<div class=\"elementor-widget-container\">\n\t\t\t\t\t<div class=\"elementor-jet-posts jet-elements\"><div class=\"jet-posts col-row  jet-equal-cols\"><\/div>\n<\/div>\t\t\t\t<\/div>\n\t\t\t\t<\/div>\n\t\t\t\t\t<\/div>\n\t\t<\/div>\n\t\t\t\t\t<\/div>\n\t\t<\/section>\n\t\t\t\t<\/div>\n\t\t","protected":false},"excerpt":{"rendered":"<p>Cycling Here you&#8217;ll find all the latest news relating exclusively to cycling! ATHL\u00c9TISME Meeting de Paris 2025 : le c\u0153ur battant de l\u2019athl\u00e9tisme fran\u00e7ais Chaque \u00e9t\u00e9, le stade Charl\u00e9ty se transforme en temple. Dans les tribunes,&hellip;More ATHL\u00c9TISME Relais Mondiaux 2025 \u00e0 Guangzhou : les relais fran\u00e7ais brillent et se qualifient pour Tokyo Une \u00e9tape d\u00e9terminante [&hellip;]<\/p>\n","protected":false},"author":2,"featured_media":0,"parent":0,"menu_order":0,"comment_status":"closed","ping_status":"closed","template":"","meta":{"content-type":"","footnotes":""},"class_list":["post-3525","page","type-page","status-publish","hentry"],"yoast_head":"<!-- This site is optimized with the Yoast SEO plugin v26.9 - https:\/\/yoast.com\/product\/yoast-seo-wordpress\/ -->\n<title>Blog - Cycling - Keyena<\/title>\n<meta name=\"robots\" content=\"index, follow, max-snippet:-1, max-image-preview:large, max-video-preview:-1\" \/>\n<link rel=\"canonical\" href=\"https:\/\/keyena.com\/en\/blog-cycling\/\" \/>\n<meta property=\"og:locale\" content=\"en_US\" \/>\n<meta property=\"og:type\" content=\"article\" \/>\n<meta property=\"og:title\" content=\"Blog - Cycling - Keyena\" \/>\n<meta property=\"og:description\" content=\"Cycling Here you&#8217;ll find all the latest news relating exclusively to cycling! ATHL\u00c9TISME Meeting de Paris 2025 : le c\u0153ur battant de l\u2019athl\u00e9tisme fran\u00e7ais Chaque \u00e9t\u00e9, le stade Charl\u00e9ty se transforme en temple. Dans les tribunes,&hellip;More ATHL\u00c9TISME Relais Mondiaux 2025 \u00e0 Guangzhou : les relais fran\u00e7ais brillent et se qualifient pour Tokyo Une \u00e9tape d\u00e9terminante [&hellip;]\" \/>\n<meta property=\"og:url\" content=\"https:\/\/keyena.com\/en\/blog-cycling\/\" \/>\n<meta property=\"og:site_name\" content=\"Keyena\" \/>\n<meta property=\"article:publisher\" content=\"https:\/\/www.facebook.com\/Keyenafr\" \/>\n<meta property=\"article:modified_time\" content=\"2025-07-03T13:28:35+00:00\" \/>\n<meta property=\"og:image\" content=\"https:\/\/keyena.com\/wp-content\/uploads\/2025\/05\/titre.png\" \/>\n<meta name=\"twitter:card\" content=\"summary_large_image\" \/>\n<script type=\"application\/ld+json\" class=\"yoast-schema-graph\">{\"@context\":\"https:\/\/schema.org\",\"@graph\":[{\"@type\":\"WebPage\",\"@id\":\"https:\/\/keyena.com\/en\/blog-cycling\/\",\"url\":\"https:\/\/keyena.com\/en\/blog-cycling\/\",\"name\":\"Blog - Cycling - Keyena\",\"isPartOf\":{\"@id\":\"https:\/\/keyena.com\/en\/#website\"},\"primaryImageOfPage\":{\"@id\":\"https:\/\/keyena.com\/en\/blog-cycling\/#primaryimage\"},\"image\":{\"@id\":\"https:\/\/keyena.com\/en\/blog-cycling\/#primaryimage\"},\"thumbnailUrl\":\"https:\/\/keyena.com\/wp-content\/uploads\/2025\/05\/titre.png\",\"datePublished\":\"2025-06-30T08:44:43+00:00\",\"dateModified\":\"2025-07-03T13:28:35+00:00\",\"breadcrumb\":{\"@id\":\"https:\/\/keyena.com\/en\/blog-cycling\/#breadcrumb\"},\"inLanguage\":\"en-US\",\"potentialAction\":[{\"@type\":\"ReadAction\",\"target\":[\"https:\/\/keyena.com\/en\/blog-cycling\/\"]}]},{\"@type\":\"ImageObject\",\"inLanguage\":\"en-US\",\"@id\":\"https:\/\/keyena.com\/en\/blog-cycling\/#primaryimage\",\"url\":\"https:\/\/keyena.com\/wp-content\/uploads\/2025\/05\/titre.png\",\"contentUrl\":\"https:\/\/keyena.com\/wp-content\/uploads\/2025\/05\/titre.png\"},{\"@type\":\"BreadcrumbList\",\"@id\":\"https:\/\/keyena.com\/en\/blog-cycling\/#breadcrumb\",\"itemListElement\":[{\"@type\":\"ListItem\",\"position\":1,\"name\":\"Accueil\",\"item\":\"https:\/\/keyena.com\/en\/\"},{\"@type\":\"ListItem\",\"position\":2,\"name\":\"Blog &#8211; Cycling\"}]},{\"@type\":\"WebSite\",\"@id\":\"https:\/\/keyena.com\/en\/#website\",\"url\":\"https:\/\/keyena.com\/en\/\",\"name\":\"Keyena\",\"description\":\"\",\"publisher\":{\"@id\":\"https:\/\/keyena.com\/en\/#organization\"},\"potentialAction\":[{\"@type\":\"SearchAction\",\"target\":{\"@type\":\"EntryPoint\",\"urlTemplate\":\"https:\/\/keyena.com\/en\/?s={search_term_string}\"},\"query-input\":{\"@type\":\"PropertyValueSpecification\",\"valueRequired\":true,\"valueName\":\"search_term_string\"}}],\"inLanguage\":\"en-US\"},{\"@type\":\"Organization\",\"@id\":\"https:\/\/keyena.com\/en\/#organization\",\"name\":\"Keyena\",\"url\":\"https:\/\/keyena.com\/en\/\",\"logo\":{\"@type\":\"ImageObject\",\"inLanguage\":\"en-US\",\"@id\":\"https:\/\/keyena.com\/en\/#\/schema\/logo\/image\/\",\"url\":\"https:\/\/keyena.com\/wp-content\/uploads\/2025\/05\/logo-keyena-1.png\",\"contentUrl\":\"https:\/\/keyena.com\/wp-content\/uploads\/2025\/05\/logo-keyena-1.png\",\"width\":87,\"height\":48,\"caption\":\"Keyena\"},\"image\":{\"@id\":\"https:\/\/keyena.com\/en\/#\/schema\/logo\/image\/\"},\"sameAs\":[\"https:\/\/www.facebook.com\/Keyenafr\",\"https:\/\/www.instagram.com\/keyena__\/?hl=fr\",\"https:\/\/www.linkedin.com\/company\/71259421\/admin\/feed\/posts\/\"]}]}<\/script>\n<!-- \/ Yoast SEO plugin. -->","yoast_head_json":{"title":"Blog - Cycling - Keyena","robots":{"index":"index","follow":"follow","max-snippet":"max-snippet:-1","max-image-preview":"max-image-preview:large","max-video-preview":"max-video-preview:-1"},"canonical":"https:\/\/keyena.com\/en\/blog-cycling\/","og_locale":"en_US","og_type":"article","og_title":"Blog - Cycling - Keyena","og_description":"Cycling Here you&#8217;ll find all the latest news relating exclusively to cycling! ATHL\u00c9TISME Meeting de Paris 2025 : le c\u0153ur battant de l\u2019athl\u00e9tisme fran\u00e7ais Chaque \u00e9t\u00e9, le stade Charl\u00e9ty se transforme en temple. Dans les tribunes,&hellip;More ATHL\u00c9TISME Relais Mondiaux 2025 \u00e0 Guangzhou : les relais fran\u00e7ais brillent et se qualifient pour Tokyo Une \u00e9tape d\u00e9terminante [&hellip;]","og_url":"https:\/\/keyena.com\/en\/blog-cycling\/","og_site_name":"Keyena","article_publisher":"https:\/\/www.facebook.com\/Keyenafr","article_modified_time":"2025-07-03T13:28:35+00:00","og_image":[{"url":"https:\/\/keyena.com\/wp-content\/uploads\/2025\/05\/titre.png","type":"","width":"","height":""}],"twitter_card":"summary_large_image","schema":{"@context":"https:\/\/schema.org","@graph":[{"@type":"WebPage","@id":"https:\/\/keyena.com\/en\/blog-cycling\/","url":"https:\/\/keyena.com\/en\/blog-cycling\/","name":"Blog - Cycling - Keyena","isPartOf":{"@id":"https:\/\/keyena.com\/en\/#website"},"primaryImageOfPage":{"@id":"https:\/\/keyena.com\/en\/blog-cycling\/#primaryimage"},"image":{"@id":"https:\/\/keyena.com\/en\/blog-cycling\/#primaryimage"},"thumbnailUrl":"https:\/\/keyena.com\/wp-content\/uploads\/2025\/05\/titre.png","datePublished":"2025-06-30T08:44:43+00:00","dateModified":"2025-07-03T13:28:35+00:00","breadcrumb":{"@id":"https:\/\/keyena.com\/en\/blog-cycling\/#breadcrumb"},"inLanguage":"en-US","potentialAction":[{"@type":"ReadAction","target":["https:\/\/keyena.com\/en\/blog-cycling\/"]}]},{"@type":"ImageObject","inLanguage":"en-US","@id":"https:\/\/keyena.com\/en\/blog-cycling\/#primaryimage","url":"https:\/\/keyena.com\/wp-content\/uploads\/2025\/05\/titre.png","contentUrl":"https:\/\/keyena.com\/wp-content\/uploads\/2025\/05\/titre.png"},{"@type":"BreadcrumbList","@id":"https:\/\/keyena.com\/en\/blog-cycling\/#breadcrumb","itemListElement":[{"@type":"ListItem","position":1,"name":"Accueil","item":"https:\/\/keyena.com\/en\/"},{"@type":"ListItem","position":2,"name":"Blog &#8211; Cycling"}]},{"@type":"WebSite","@id":"https:\/\/keyena.com\/en\/#website","url":"https:\/\/keyena.com\/en\/","name":"Keyena","description":"","publisher":{"@id":"https:\/\/keyena.com\/en\/#organization"},"potentialAction":[{"@type":"SearchAction","target":{"@type":"EntryPoint","urlTemplate":"https:\/\/keyena.com\/en\/?s={search_term_string}"},"query-input":{"@type":"PropertyValueSpecification","valueRequired":true,"valueName":"search_term_string"}}],"inLanguage":"en-US"},{"@type":"Organization","@id":"https:\/\/keyena.com\/en\/#organization","name":"Keyena","url":"https:\/\/keyena.com\/en\/","logo":{"@type":"ImageObject","inLanguage":"en-US","@id":"https:\/\/keyena.com\/en\/#\/schema\/logo\/image\/","url":"https:\/\/keyena.com\/wp-content\/uploads\/2025\/05\/logo-keyena-1.png","contentUrl":"https:\/\/keyena.com\/wp-content\/uploads\/2025\/05\/logo-keyena-1.png","width":87,"height":48,"caption":"Keyena"},"image":{"@id":"https:\/\/keyena.com\/en\/#\/schema\/logo\/image\/"},"sameAs":["https:\/\/www.facebook.com\/Keyenafr","https:\/\/www.instagram.com\/keyena__\/?hl=fr","https:\/\/www.linkedin.com\/company\/71259421\/admin\/feed\/posts\/"]}]}},"_links":{"self":[{"href":"https:\/\/keyena.com\/en\/wp-json\/wp\/v2\/pages\/3525","targetHints":{"allow":["GET"]}}],"collection":[{"href":"https:\/\/keyena.com\/en\/wp-json\/wp\/v2\/pages"}],"about":[{"href":"https:\/\/keyena.com\/en\/wp-json\/wp\/v2\/types\/page"}],"author":[{"embeddable":true,"href":"https:\/\/keyena.com\/en\/wp-json\/wp\/v2\/users\/2"}],"replies":[{"embeddable":true,"href":"https:\/\/keyena.com\/en\/wp-json\/wp\/v2\/comments?post=3525"}],"version-history":[{"count":0,"href":"https:\/\/keyena.com\/en\/wp-json\/wp\/v2\/pages\/3525\/revisions"}],"wp:attachment":[{"href":"https:\/\/keyena.com\/en\/wp-json\/wp\/v2\/media?parent=3525"}],"curies":[{"name":"wp","href":"https:\/\/api.w.org\/{rel}","templated":true}]}}