{"id":3521,"date":"2025-06-26T17:50:11","date_gmt":"2025-06-26T15:50:11","guid":{"rendered":"https:\/\/keyena.com\/contact\/"},"modified":"2025-07-18T11:57:58","modified_gmt":"2025-07-18T09:57:58","slug":"contact","status":"publish","type":"page","link":"https:\/\/keyena.com\/en\/contact\/","title":{"rendered":"Contact"},"content":{"rendered":"\t\t<div data-elementor-type=\"wp-page\" data-elementor-id=\"3521\" class=\"elementor elementor-3521 elementor-3338\" data-elementor-post-type=\"page\">\n\t\t\t\t\t\t<section class=\"elementor-section elementor-top-section elementor-element elementor-element-601f57f elementor-section-boxed elementor-section-height-default elementor-section-height-default\" data-id=\"601f57f\" data-element_type=\"section\" data-e-type=\"section\" data-settings=\"{&quot;jet_parallax_layout_list&quot;:[],&quot;background_background&quot;:&quot;classic&quot;}\">\n\t\t\t\t\t\t\t<div class=\"elementor-background-overlay\"><\/div>\n\t\t\t\t\t\t\t<div class=\"elementor-container elementor-column-gap-default\">\n\t\t\t\t\t<div class=\"elementor-column elementor-col-50 elementor-top-column elementor-element elementor-element-1292281\" data-id=\"1292281\" data-element_type=\"column\" data-e-type=\"column\">\n\t\t\t<div class=\"elementor-widget-wrap elementor-element-populated\">\n\t\t\t\t\t\t<div class=\"elementor-element elementor-element-a71017f elementor-hidden-mobile elementor-widget elementor-widget-image\" data-id=\"a71017f\" data-element_type=\"widget\" data-e-type=\"widget\" data-widget_type=\"image.default\">\n\t\t\t\t<div class=\"elementor-widget-container\">\n\t\t\t\t\t\t\t\t\t\t\t\t\t\t\t<img decoding=\"async\" width=\"104\" height=\"3\" src=\"https:\/\/keyena.com\/wp-content\/uploads\/2025\/05\/titre.png\" class=\"attachment-large size-large wp-image-1333\" alt=\"\" srcset=\"https:\/\/keyena.com\/wp-content\/uploads\/2025\/05\/titre.png 104w, https:\/\/keyena.com\/wp-content\/uploads\/2025\/05\/titre-100x3.png 100w\" sizes=\"(max-width: 104px) 100vw, 104px\" \/>\t\t\t\t\t\t\t\t\t\t\t\t\t\t\t<\/div>\n\t\t\t\t<\/div>\n\t\t\t\t\t<\/div>\n\t\t<\/div>\n\t\t\t\t<div class=\"elementor-column elementor-col-50 elementor-top-column elementor-element elementor-element-b056ef7\" data-id=\"b056ef7\" data-element_type=\"column\" data-e-type=\"column\">\n\t\t\t<div class=\"elementor-widget-wrap elementor-element-populated\">\n\t\t\t\t\t\t<div class=\"elementor-element elementor-element-f76eac9 elementor-widget elementor-widget-heading\" data-id=\"f76eac9\" data-element_type=\"widget\" data-e-type=\"widget\" data-widget_type=\"heading.default\">\n\t\t\t\t<div class=\"elementor-widget-container\">\n\t\t\t\t\t<h2 class=\"elementor-heading-title elementor-size-default\">Contact us <\/h2>\t\t\t\t<\/div>\n\t\t\t\t<\/div>\n\t\t\t\t\t<\/div>\n\t\t<\/div>\n\t\t\t\t\t<\/div>\n\t\t<\/section>\n\t\t\t\t<section class=\"elementor-section elementor-top-section elementor-element elementor-element-4b712c0 elementor-section-boxed elementor-section-height-default elementor-section-height-default\" data-id=\"4b712c0\" data-element_type=\"section\" data-e-type=\"section\" data-settings=\"{&quot;jet_parallax_layout_list&quot;:[]}\">\n\t\t\t\t\t\t<div class=\"elementor-container elementor-column-gap-default\">\n\t\t\t\t\t<div class=\"elementor-column elementor-col-100 elementor-top-column elementor-element elementor-element-3032879\" data-id=\"3032879\" data-element_type=\"column\" data-e-type=\"column\">\n\t\t\t<div class=\"elementor-widget-wrap elementor-element-populated\">\n\t\t\t\t\t\t<div class=\"elementor-element elementor-element-cb779d5 elementor-widget elementor-widget-text-editor\" data-id=\"cb779d5\" data-element_type=\"widget\" data-e-type=\"widget\" data-widget_type=\"text-editor.default\">\n\t\t\t\t<div class=\"elementor-widget-container\">\n\t\t\t\t\t\t\t\t\t<p>Ask your questions and we&#8217;ll get back to you as soon as possible.<\/p>\t\t\t\t\t\t\t\t<\/div>\n\t\t\t\t<\/div>\n\t\t\t\t\t<\/div>\n\t\t<\/div>\n\t\t\t\t\t<\/div>\n\t\t<\/section>\n\t\t\t\t<section class=\"elementor-section elementor-top-section elementor-element elementor-element-7ec2eab elementor-section-boxed elementor-section-height-default elementor-section-height-default\" data-id=\"7ec2eab\" data-element_type=\"section\" data-e-type=\"section\" data-settings=\"{&quot;jet_parallax_layout_list&quot;:[]}\">\n\t\t\t\t\t\t<div class=\"elementor-container elementor-column-gap-default\">\n\t\t\t\t\t<div class=\"elementor-column elementor-col-100 elementor-top-column elementor-element elementor-element-8586e79\" data-id=\"8586e79\" data-element_type=\"column\" data-e-type=\"column\">\n\t\t\t<div class=\"elementor-widget-wrap elementor-element-populated\">\n\t\t\t\t\t\t<div class=\"elementor-element elementor-element-d09d1e1 elementor-button-align-center elementor-widget elementor-widget-form\" data-id=\"d09d1e1\" data-element_type=\"widget\" data-e-type=\"widget\" data-settings=\"{&quot;step_next_label&quot;:&quot;Next&quot;,&quot;step_previous_label&quot;:&quot;Previous&quot;,&quot;button_width&quot;:&quot;100&quot;,&quot;step_type&quot;:&quot;number_text&quot;,&quot;step_icon_shape&quot;:&quot;circle&quot;}\" data-widget_type=\"form.default\">\n\t\t\t\t<div class=\"elementor-widget-container\">\n\t\t\t\t\t\t\t<form class=\"elementor-form\" method=\"post\" name=\"New form\" aria-label=\"New form\">\n\t\t\t<input type=\"hidden\" name=\"post_id\" value=\"3521\"\/>\n\t\t\t<input type=\"hidden\" name=\"form_id\" value=\"d09d1e1\"\/>\n\t\t\t<input type=\"hidden\" name=\"referer_title\" value=\"Contact - Keyena\" \/>\n\n\t\t\t\t\t\t\t<input type=\"hidden\" name=\"queried_id\" value=\"3521\"\/>\n\t\t\t\n\t\t\t<div class=\"elementor-form-fields-wrapper elementor-labels-above\">\n\t\t\t\t\t\t\t\t<div class=\"elementor-field-type-text elementor-field-group elementor-column elementor-field-group-name elementor-col-100 elementor-field-required\">\n\t\t\t\t\t\t\t\t\t\t\t\t<label for=\"form-field-name\" class=\"elementor-field-label\">\n\t\t\t\t\t\t\t\tFirst name\t\t\t\t\t\t\t<\/label>\n\t\t\t\t\t\t\t\t\t\t\t\t\t\t<input size=\"1\" type=\"text\" name=\"form_fields[name]\" id=\"form-field-name\" class=\"elementor-field elementor-size-sm  elementor-field-textual\" required=\"required\">\n\t\t\t\t\t\t\t\t\t\t\t<\/div>\n\t\t\t\t\t\t\t\t<div class=\"elementor-field-type-text elementor-field-group elementor-column elementor-field-group-field_463d1b2 elementor-col-100 elementor-field-required\">\n\t\t\t\t\t\t\t\t\t\t\t\t<label for=\"form-field-field_463d1b2\" class=\"elementor-field-label\">\n\t\t\t\t\t\t\t\tName\t\t\t\t\t\t\t<\/label>\n\t\t\t\t\t\t\t\t\t\t\t\t\t\t<input size=\"1\" type=\"text\" name=\"form_fields[field_463d1b2]\" id=\"form-field-field_463d1b2\" class=\"elementor-field elementor-size-sm  elementor-field-textual\" required=\"required\">\n\t\t\t\t\t\t\t\t\t\t\t<\/div>\n\t\t\t\t\t\t\t\t<div class=\"elementor-field-type-email elementor-field-group elementor-column elementor-field-group-email elementor-col-100 elementor-field-required\">\n\t\t\t\t\t\t\t\t\t\t\t\t<label for=\"form-field-email\" class=\"elementor-field-label\">\n\t\t\t\t\t\t\t\tMail\t\t\t\t\t\t\t<\/label>\n\t\t\t\t\t\t\t\t\t\t\t\t\t\t<input size=\"1\" type=\"email\" name=\"form_fields[email]\" id=\"form-field-email\" class=\"elementor-field elementor-size-sm  elementor-field-textual\" required=\"required\">\n\t\t\t\t\t\t\t\t\t\t\t<\/div>\n\t\t\t\t\t\t\t\t<div class=\"elementor-field-type-textarea elementor-field-group elementor-column elementor-field-group-message elementor-col-100 elementor-field-required\">\n\t\t\t\t\t\t\t\t\t\t\t\t<label for=\"form-field-message\" class=\"elementor-field-label\">\n\t\t\t\t\t\t\t\tMessage\t\t\t\t\t\t\t<\/label>\n\t\t\t\t\t\t<textarea class=\"elementor-field-textual elementor-field  elementor-size-sm\" name=\"form_fields[message]\" id=\"form-field-message\" rows=\"4\" required=\"required\"><\/textarea>\t\t\t\t<\/div>\n\t\t\t\t\t\t\t\t<div class=\"elementor-field-group elementor-column elementor-field-type-submit elementor-col-100 e-form__buttons\">\n\t\t\t\t\t<button class=\"elementor-button elementor-size-sm\" type=\"submit\">\n\t\t\t\t\t\t<span class=\"elementor-button-content-wrapper\">\n\t\t\t\t\t\t\t\t\t\t\t\t\t\t\t\t\t\t\t\t\t\t<span class=\"elementor-button-text\">Send<\/span>\n\t\t\t\t\t\t\t\t\t\t\t\t\t<\/span>\n\t\t\t\t\t<\/button>\n\t\t\t\t<\/div>\n\t\t\t<\/div>\n\t\t<\/form>\n\t\t\t\t\t\t<\/div>\n\t\t\t\t<\/div>\n\t\t\t\t\t<\/div>\n\t\t<\/div>\n\t\t\t\t\t<\/div>\n\t\t<\/section>\n\t\t\t\t<section class=\"elementor-section elementor-top-section elementor-element elementor-element-8fe93f9 elementor-section-boxed elementor-section-height-default elementor-section-height-default\" data-id=\"8fe93f9\" data-element_type=\"section\" data-e-type=\"section\" data-settings=\"{&quot;jet_parallax_layout_list&quot;:[],&quot;background_background&quot;:&quot;classic&quot;}\">\n\t\t\t\t\t\t<div class=\"elementor-container elementor-column-gap-default\">\n\t\t\t\t\t<div class=\"elementor-column elementor-col-100 elementor-top-column elementor-element elementor-element-b826158\" data-id=\"b826158\" data-element_type=\"column\" data-e-type=\"column\">\n\t\t\t<div class=\"elementor-widget-wrap elementor-element-populated\">\n\t\t\t\t\t\t<div class=\"elementor-element elementor-element-c919827 elementor-widget elementor-widget-heading\" data-id=\"c919827\" data-element_type=\"widget\" data-e-type=\"widget\" data-widget_type=\"heading.default\">\n\t\t\t\t<div class=\"elementor-widget-container\">\n\t\t\t\t\t<h2 class=\"elementor-heading-title elementor-size-default\">sign up for the newsletter <\/h2>\t\t\t\t<\/div>\n\t\t\t\t<\/div>\n\t\t\t\t<div class=\"elementor-element elementor-element-91a48fa elementor-align-center elementor-widget elementor-widget-button\" data-id=\"91a48fa\" data-element_type=\"widget\" data-e-type=\"widget\" data-widget_type=\"button.default\">\n\t\t\t\t<div class=\"elementor-widget-container\">\n\t\t\t\t\t\t\t\t\t<div class=\"elementor-button-wrapper\">\n\t\t\t\t\t<a class=\"elementor-button elementor-button-link elementor-size-sm\" href=\"https:\/\/keyena.com\/en\/newsletter\/\">\n\t\t\t\t\t\t<span class=\"elementor-button-content-wrapper\">\n\t\t\t\t\t\t\t\t\t<span class=\"elementor-button-text\">I'm signing up<\/span>\n\t\t\t\t\t<\/span>\n\t\t\t\t\t<\/a>\n\t\t\t\t<\/div>\n\t\t\t\t\t\t\t\t<\/div>\n\t\t\t\t<\/div>\n\t\t\t\t\t<\/div>\n\t\t<\/div>\n\t\t\t\t\t<\/div>\n\t\t<\/section>\n\t\t\t\t<section class=\"elementor-section elementor-top-section elementor-element elementor-element-d38c846 elementor-section-boxed elementor-section-height-default elementor-section-height-default\" data-id=\"d38c846\" data-element_type=\"section\" data-e-type=\"section\" data-settings=\"{&quot;jet_parallax_layout_list&quot;:[]}\">\n\t\t\t\t\t\t<div class=\"elementor-container elementor-column-gap-default\">\n\t\t\t\t\t<div class=\"elementor-column elementor-col-50 elementor-top-column elementor-element elementor-element-83e818a\" data-id=\"83e818a\" data-element_type=\"column\" data-e-type=\"column\">\n\t\t\t<div class=\"elementor-widget-wrap elementor-element-populated\">\n\t\t\t\t\t\t<div class=\"elementor-element elementor-element-5cc8017 elementor-widget elementor-widget-heading\" data-id=\"5cc8017\" data-element_type=\"widget\" data-e-type=\"widget\" data-widget_type=\"heading.default\">\n\t\t\t\t<div class=\"elementor-widget-container\">\n\t\t\t\t\t<h2 class=\"elementor-heading-title elementor-size-default\">Opening hours <\/h2>\t\t\t\t<\/div>\n\t\t\t\t<\/div>\n\t\t\t\t<div class=\"elementor-element elementor-element-cbcbcbd elementor-widget elementor-widget-text-editor\" data-id=\"cbcbcbd\" data-element_type=\"widget\" data-e-type=\"widget\" data-widget_type=\"text-editor.default\">\n\t\t\t\t<div class=\"elementor-widget-container\">\n\t\t\t\t\t\t\t\t\t<p>Monday to Friday, 9 a.m. to 6 p.m.<\/p>\t\t\t\t\t\t\t\t<\/div>\n\t\t\t\t<\/div>\n\t\t\t\t\t<\/div>\n\t\t<\/div>\n\t\t\t\t<div class=\"elementor-column elementor-col-50 elementor-top-column elementor-element elementor-element-2460e79\" data-id=\"2460e79\" data-element_type=\"column\" data-e-type=\"column\">\n\t\t\t<div class=\"elementor-widget-wrap elementor-element-populated\">\n\t\t\t\t\t\t<div class=\"elementor-element elementor-element-e35626e elementor-widget elementor-widget-heading\" data-id=\"e35626e\" data-element_type=\"widget\" data-e-type=\"widget\" data-widget_type=\"heading.default\">\n\t\t\t\t<div class=\"elementor-widget-container\">\n\t\t\t\t\t<h2 class=\"elementor-heading-title elementor-size-default\">Num\u00e9ro de t\u00e9l\u00e9phone<\/h2>\t\t\t\t<\/div>\n\t\t\t\t<\/div>\n\t\t\t\t<div class=\"elementor-element elementor-element-7eb04f7 elementor-widget elementor-widget-text-editor\" data-id=\"7eb04f7\" data-element_type=\"widget\" data-e-type=\"widget\" data-widget_type=\"text-editor.default\">\n\t\t\t\t<div class=\"elementor-widget-container\">\n\t\t\t\t\t\t\t\t\t<p><a href=\"https:\/\/www.google.com\/search?q=keyena&amp;sxsrf=ALiCzsZX5jCtrTE4xXO7ijiRljVUbUCDDg%3A1666195230925&amp;source=hp&amp;ei=Hh9QY9TNNMq4kPIP99OZwAM&amp;iflsig=AJiK0e8AAAAAY1AtLqQtm-5xc2nphWuvuWwnfoqIoZU1&amp;ved=0ahUKEwjU1PL21Oz6AhVKHEQIHfdpBjgQ4dUDCAg&amp;uact=5&amp;oq=keyena&amp;gs_lcp=Cgdnd3Mtd2l6EAMyBAgjECcyBAgjECcyEAguEIAEEMcBENEDEAoQywEyBQgAEIAEMggIABCABBDLATIFCAAQgAQyCAgAEIAEEMsBMgQIABAeMgQIABAeMgQIABAeOgsILhCABBDHARDRAzoFCC4QgAQ6BAgAEEM6CgguEMcBENEDEEM6BAguEEM6BwguENQCEEM6CwguEIAEEMcBEK8BUABY2AVgswdoAHAAeACAAZIBiAG1BZIBAzEuNZgBAKABAQ&amp;sclient=gws-wiz#\" data-dtype=\"d3ph\" data-local-attribute=\"d3ph\" data-ved=\"2ahUKEwiK_ar41Oz6AhV1MUQIHYxUATMQkAgoAHoFCMoCEAM\"><span aria-label=\"Appeler le +33 6 67 04 79 90\">+33 6 67 04 79 90<\/span><\/a><\/p>\t\t\t\t\t\t\t\t<\/div>\n\t\t\t\t<\/div>\n\t\t\t\t\t<\/div>\n\t\t<\/div>\n\t\t\t\t\t<\/div>\n\t\t<\/section>\n\t\t\t\t<section class=\"elementor-section elementor-top-section elementor-element elementor-element-45752f0 elementor-section-full_width elementor-section-height-default elementor-section-height-default\" data-id=\"45752f0\" data-element_type=\"section\" data-e-type=\"section\" data-settings=\"{&quot;jet_parallax_layout_list&quot;:[]}\">\n\t\t\t\t\t\t<div class=\"elementor-container elementor-column-gap-default\">\n\t\t\t\t\t<div class=\"elementor-column elementor-col-100 elementor-top-column elementor-element elementor-element-3cdc638\" data-id=\"3cdc638\" data-element_type=\"column\" data-e-type=\"column\">\n\t\t\t<div class=\"elementor-widget-wrap elementor-element-populated\">\n\t\t\t\t\t\t<div class=\"elementor-element elementor-element-cecc4f4 elementor-widget elementor-widget-google_maps\" data-id=\"cecc4f4\" data-element_type=\"widget\" data-e-type=\"widget\" data-widget_type=\"google_maps.default\">\n\t\t\t\t<div class=\"elementor-widget-container\">\n\t\t\t\t\t\t\t<div class=\"elementor-custom-embed\">\n\t\t\t<iframe loading=\"lazy\"\n\t\t\t\t\tsrc=\"https:\/\/maps.google.com\/maps?q=110%20rue%20Fr%C3%A9d%C3%A9ric%20Fays%20%2069100%20Villeubanne&#038;t=m&#038;z=10&#038;output=embed&#038;iwloc=near\"\n\t\t\t\t\ttitle=\"110 rue Fr\u00e9d\u00e9ric Fays  69100 Villeubanne\"\n\t\t\t\t\taria-label=\"110 rue Fr\u00e9d\u00e9ric Fays  69100 Villeubanne\"\n\t\t\t><\/iframe>\n\t\t<\/div>\n\t\t\t\t\t\t<\/div>\n\t\t\t\t<\/div>\n\t\t\t\t\t<\/div>\n\t\t<\/div>\n\t\t\t\t\t<\/div>\n\t\t<\/section>\n\t\t\t\t<\/div>\n\t\t","protected":false},"excerpt":{"rendered":"<p>Contact us Ask your questions and we&#8217;ll get back to you as soon as possible. sign up for the newsletter I&#8217;m signing up Opening hours Monday to Friday, 9 a.m. to 6 p.m. Num\u00e9ro de t\u00e9l\u00e9phone +33 6 67 04 79 90<\/p>\n","protected":false},"author":2,"featured_media":0,"parent":0,"menu_order":0,"comment_status":"closed","ping_status":"closed","template":"","meta":{"content-type":"","footnotes":""},"class_list":["post-3521","page","type-page","status-publish","hentry"],"yoast_head":"<!-- This site is optimized with the Yoast SEO plugin v26.9 - https:\/\/yoast.com\/product\/yoast-seo-wordpress\/ -->\n<title>Contact - Keyena<\/title>\n<meta name=\"robots\" content=\"index, follow, max-snippet:-1, max-image-preview:large, max-video-preview:-1\" \/>\n<link rel=\"canonical\" href=\"https:\/\/keyena.com\/en\/contact\/\" \/>\n<meta property=\"og:locale\" content=\"en_US\" \/>\n<meta property=\"og:type\" content=\"article\" \/>\n<meta property=\"og:title\" content=\"Contact - Keyena\" \/>\n<meta property=\"og:description\" content=\"Contact us Ask your questions and we&#8217;ll get back to you as soon as possible. sign up for the newsletter I&#8217;m signing up Opening hours Monday to Friday, 9 a.m. to 6 p.m. Num\u00e9ro de t\u00e9l\u00e9phone +33 6 67 04 79 90\" \/>\n<meta property=\"og:url\" content=\"https:\/\/keyena.com\/en\/contact\/\" \/>\n<meta property=\"og:site_name\" content=\"Keyena\" \/>\n<meta property=\"article:publisher\" content=\"https:\/\/www.facebook.com\/Keyenafr\" \/>\n<meta property=\"article:modified_time\" content=\"2025-07-18T09:57:58+00:00\" \/>\n<meta property=\"og:image\" content=\"https:\/\/keyena.com\/wp-content\/uploads\/2025\/05\/titre.png\" \/>\n<meta name=\"twitter:card\" content=\"summary_large_image\" \/>\n<script type=\"application\/ld+json\" class=\"yoast-schema-graph\">{\"@context\":\"https:\/\/schema.org\",\"@graph\":[{\"@type\":\"WebPage\",\"@id\":\"https:\/\/keyena.com\/en\/contact\/\",\"url\":\"https:\/\/keyena.com\/en\/contact\/\",\"name\":\"Contact - Keyena\",\"isPartOf\":{\"@id\":\"https:\/\/keyena.com\/en\/#website\"},\"primaryImageOfPage\":{\"@id\":\"https:\/\/keyena.com\/en\/contact\/#primaryimage\"},\"image\":{\"@id\":\"https:\/\/keyena.com\/en\/contact\/#primaryimage\"},\"thumbnailUrl\":\"https:\/\/keyena.com\/wp-content\/uploads\/2025\/05\/titre.png\",\"datePublished\":\"2025-06-26T15:50:11+00:00\",\"dateModified\":\"2025-07-18T09:57:58+00:00\",\"breadcrumb\":{\"@id\":\"https:\/\/keyena.com\/en\/contact\/#breadcrumb\"},\"inLanguage\":\"en-US\",\"potentialAction\":[{\"@type\":\"ReadAction\",\"target\":[\"https:\/\/keyena.com\/en\/contact\/\"]}]},{\"@type\":\"ImageObject\",\"inLanguage\":\"en-US\",\"@id\":\"https:\/\/keyena.com\/en\/contact\/#primaryimage\",\"url\":\"https:\/\/keyena.com\/wp-content\/uploads\/2025\/05\/titre.png\",\"contentUrl\":\"https:\/\/keyena.com\/wp-content\/uploads\/2025\/05\/titre.png\"},{\"@type\":\"BreadcrumbList\",\"@id\":\"https:\/\/keyena.com\/en\/contact\/#breadcrumb\",\"itemListElement\":[{\"@type\":\"ListItem\",\"position\":1,\"name\":\"Accueil\",\"item\":\"https:\/\/keyena.com\/en\/\"},{\"@type\":\"ListItem\",\"position\":2,\"name\":\"Contact\"}]},{\"@type\":\"WebSite\",\"@id\":\"https:\/\/keyena.com\/en\/#website\",\"url\":\"https:\/\/keyena.com\/en\/\",\"name\":\"Keyena\",\"description\":\"\",\"publisher\":{\"@id\":\"https:\/\/keyena.com\/en\/#organization\"},\"potentialAction\":[{\"@type\":\"SearchAction\",\"target\":{\"@type\":\"EntryPoint\",\"urlTemplate\":\"https:\/\/keyena.com\/en\/?s={search_term_string}\"},\"query-input\":{\"@type\":\"PropertyValueSpecification\",\"valueRequired\":true,\"valueName\":\"search_term_string\"}}],\"inLanguage\":\"en-US\"},{\"@type\":\"Organization\",\"@id\":\"https:\/\/keyena.com\/en\/#organization\",\"name\":\"Keyena\",\"url\":\"https:\/\/keyena.com\/en\/\",\"logo\":{\"@type\":\"ImageObject\",\"inLanguage\":\"en-US\",\"@id\":\"https:\/\/keyena.com\/en\/#\/schema\/logo\/image\/\",\"url\":\"https:\/\/keyena.com\/wp-content\/uploads\/2025\/05\/logo-keyena-1.png\",\"contentUrl\":\"https:\/\/keyena.com\/wp-content\/uploads\/2025\/05\/logo-keyena-1.png\",\"width\":87,\"height\":48,\"caption\":\"Keyena\"},\"image\":{\"@id\":\"https:\/\/keyena.com\/en\/#\/schema\/logo\/image\/\"},\"sameAs\":[\"https:\/\/www.facebook.com\/Keyenafr\",\"https:\/\/www.instagram.com\/keyena__\/?hl=fr\",\"https:\/\/www.linkedin.com\/company\/71259421\/admin\/feed\/posts\/\"]}]}<\/script>\n<!-- \/ Yoast SEO plugin. -->","yoast_head_json":{"title":"Contact - Keyena","robots":{"index":"index","follow":"follow","max-snippet":"max-snippet:-1","max-image-preview":"max-image-preview:large","max-video-preview":"max-video-preview:-1"},"canonical":"https:\/\/keyena.com\/en\/contact\/","og_locale":"en_US","og_type":"article","og_title":"Contact - Keyena","og_description":"Contact us Ask your questions and we&#8217;ll get back to you as soon as possible. sign up for the newsletter I&#8217;m signing up Opening hours Monday to Friday, 9 a.m. to 6 p.m. Num\u00e9ro de t\u00e9l\u00e9phone +33 6 67 04 79 90","og_url":"https:\/\/keyena.com\/en\/contact\/","og_site_name":"Keyena","article_publisher":"https:\/\/www.facebook.com\/Keyenafr","article_modified_time":"2025-07-18T09:57:58+00:00","og_image":[{"url":"https:\/\/keyena.com\/wp-content\/uploads\/2025\/05\/titre.png","type":"","width":"","height":""}],"twitter_card":"summary_large_image","schema":{"@context":"https:\/\/schema.org","@graph":[{"@type":"WebPage","@id":"https:\/\/keyena.com\/en\/contact\/","url":"https:\/\/keyena.com\/en\/contact\/","name":"Contact - Keyena","isPartOf":{"@id":"https:\/\/keyena.com\/en\/#website"},"primaryImageOfPage":{"@id":"https:\/\/keyena.com\/en\/contact\/#primaryimage"},"image":{"@id":"https:\/\/keyena.com\/en\/contact\/#primaryimage"},"thumbnailUrl":"https:\/\/keyena.com\/wp-content\/uploads\/2025\/05\/titre.png","datePublished":"2025-06-26T15:50:11+00:00","dateModified":"2025-07-18T09:57:58+00:00","breadcrumb":{"@id":"https:\/\/keyena.com\/en\/contact\/#breadcrumb"},"inLanguage":"en-US","potentialAction":[{"@type":"ReadAction","target":["https:\/\/keyena.com\/en\/contact\/"]}]},{"@type":"ImageObject","inLanguage":"en-US","@id":"https:\/\/keyena.com\/en\/contact\/#primaryimage","url":"https:\/\/keyena.com\/wp-content\/uploads\/2025\/05\/titre.png","contentUrl":"https:\/\/keyena.com\/wp-content\/uploads\/2025\/05\/titre.png"},{"@type":"BreadcrumbList","@id":"https:\/\/keyena.com\/en\/contact\/#breadcrumb","itemListElement":[{"@type":"ListItem","position":1,"name":"Accueil","item":"https:\/\/keyena.com\/en\/"},{"@type":"ListItem","position":2,"name":"Contact"}]},{"@type":"WebSite","@id":"https:\/\/keyena.com\/en\/#website","url":"https:\/\/keyena.com\/en\/","name":"Keyena","description":"","publisher":{"@id":"https:\/\/keyena.com\/en\/#organization"},"potentialAction":[{"@type":"SearchAction","target":{"@type":"EntryPoint","urlTemplate":"https:\/\/keyena.com\/en\/?s={search_term_string}"},"query-input":{"@type":"PropertyValueSpecification","valueRequired":true,"valueName":"search_term_string"}}],"inLanguage":"en-US"},{"@type":"Organization","@id":"https:\/\/keyena.com\/en\/#organization","name":"Keyena","url":"https:\/\/keyena.com\/en\/","logo":{"@type":"ImageObject","inLanguage":"en-US","@id":"https:\/\/keyena.com\/en\/#\/schema\/logo\/image\/","url":"https:\/\/keyena.com\/wp-content\/uploads\/2025\/05\/logo-keyena-1.png","contentUrl":"https:\/\/keyena.com\/wp-content\/uploads\/2025\/05\/logo-keyena-1.png","width":87,"height":48,"caption":"Keyena"},"image":{"@id":"https:\/\/keyena.com\/en\/#\/schema\/logo\/image\/"},"sameAs":["https:\/\/www.facebook.com\/Keyenafr","https:\/\/www.instagram.com\/keyena__\/?hl=fr","https:\/\/www.linkedin.com\/company\/71259421\/admin\/feed\/posts\/"]}]}},"_links":{"self":[{"href":"https:\/\/keyena.com\/en\/wp-json\/wp\/v2\/pages\/3521","targetHints":{"allow":["GET"]}}],"collection":[{"href":"https:\/\/keyena.com\/en\/wp-json\/wp\/v2\/pages"}],"about":[{"href":"https:\/\/keyena.com\/en\/wp-json\/wp\/v2\/types\/page"}],"author":[{"embeddable":true,"href":"https:\/\/keyena.com\/en\/wp-json\/wp\/v2\/users\/2"}],"replies":[{"embeddable":true,"href":"https:\/\/keyena.com\/en\/wp-json\/wp\/v2\/comments?post=3521"}],"version-history":[{"count":0,"href":"https:\/\/keyena.com\/en\/wp-json\/wp\/v2\/pages\/3521\/revisions"}],"wp:attachment":[{"href":"https:\/\/keyena.com\/en\/wp-json\/wp\/v2\/media?parent=3521"}],"curies":[{"name":"wp","href":"https:\/\/api.w.org\/{rel}","templated":true}]}}